{"id":27,"date":"2023-01-21T15:35:19","date_gmt":"2023-01-21T14:35:19","guid":{"rendered":"http:\/\/www.virksund-marine.dk\/?page_id=27"},"modified":"2023-01-22T13:13:46","modified_gmt":"2023-01-22T12:13:46","slug":"tilbehoer","status":"publish","type":"page","link":"https:\/\/www.virksund-marine.dk\/index.php\/tilbehoer\/","title":{"rendered":"Tilbeh\u00f8r"},"content":{"rendered":"\n<p>Klik p\u00e5 linket herunder for at se alt tilbeh\u00f8r hos vores import\u00f8r J\u00f8rgensen og Dahl.<\/p>\n\n\n\n<figure class=\"wp-block-image size-full\"><a href=\"https:\/\/www.mercurymotor.dk\/\" target=\"_blank\" rel=\"noreferrer noopener\"><img loading=\"lazy\" decoding=\"async\" width=\"117\" height=\"54\" src=\"http:\/\/www.virksund-marine.dk\/wp-content\/uploads\/2023\/01\/logo_Mercury.jpg\" alt=\"\" class=\"wp-image-43\"\/><\/a><\/figure>\n","protected":false},"excerpt":{"rendered":"<p>Klik p\u00e5 linket herunder for at se alt tilbeh\u00f8r hos vores import\u00f8r J\u00f8rgensen og Dahl.<\/p>\n","protected":false},"author":1,"featured_media":0,"parent":0,"menu_order":0,"comment_status":"closed","ping_status":"closed","template":"","meta":{"footnotes":""},"class_list":["post-27","page","type-page","status-publish","hentry"],"_links":{"self":[{"href":"https:\/\/www.virksund-marine.dk\/index.php\/wp-json\/wp\/v2\/pages\/27","targetHints":{"allow":["GET"]}}],"collection":[{"href":"https:\/\/www.virksund-marine.dk\/index.php\/wp-json\/wp\/v2\/pages"}],"about":[{"href":"https:\/\/www.virksund-marine.dk\/index.php\/wp-json\/wp\/v2\/types\/page"}],"author":[{"embeddable":true,"href":"https:\/\/www.virksund-marine.dk\/index.php\/wp-json\/wp\/v2\/users\/1"}],"replies":[{"embeddable":true,"href":"https:\/\/www.virksund-marine.dk\/index.php\/wp-json\/wp\/v2\/comments?post=27"}],"version-history":[{"count":3,"href":"https:\/\/www.virksund-marine.dk\/index.php\/wp-json\/wp\/v2\/pages\/27\/revisions"}],"predecessor-version":[{"id":52,"href":"https:\/\/www.virksund-marine.dk\/index.php\/wp-json\/wp\/v2\/pages\/27\/revisions\/52"}],"wp:attachment":[{"href":"https:\/\/www.virksund-marine.dk\/index.php\/wp-json\/wp\/v2\/media?parent=27"}],"curies":[{"name":"wp","href":"https:\/\/api.w.org\/{rel}","templated":true}]}}