{"id":23,"date":"2023-01-21T15:34:45","date_gmt":"2023-01-21T14:34:45","guid":{"rendered":"http:\/\/www.virksund-marine.dk\/?page_id=23"},"modified":"2023-01-22T13:13:19","modified_gmt":"2023-01-22T12:13:19","slug":"baade","status":"publish","type":"page","link":"https:\/\/www.virksund-marine.dk\/index.php\/baade\/","title":{"rendered":"B\u00e5de"},"content":{"rendered":"\n<p>Klik p\u00e5 linket herunder for at se alle b\u00e5de hos vores import\u00f8r J\u00f8rgensen og Dahl.<\/p>\n\n\n\n<figure class=\"wp-block-image size-full\"><a href=\"https:\/\/www.xn--bdliv-mra.dk\/vores-brands\/vores-varemaerker\" target=\"_blank\" rel=\"noreferrer noopener\"><img loading=\"lazy\" decoding=\"async\" width=\"117\" height=\"54\" src=\"http:\/\/www.virksund-marine.dk\/wp-content\/uploads\/2023\/01\/logo_Mercury.jpg\" alt=\"\" class=\"wp-image-43\"\/><\/a><\/figure>\n","protected":false},"excerpt":{"rendered":"<p>Klik p\u00e5 linket herunder for at se alle b\u00e5de hos vores import\u00f8r J\u00f8rgensen og Dahl.<\/p>\n","protected":false},"author":1,"featured_media":0,"parent":0,"menu_order":0,"comment_status":"closed","ping_status":"closed","template":"","meta":{"footnotes":""},"class_list":["post-23","page","type-page","status-publish","hentry"],"_links":{"self":[{"href":"https:\/\/www.virksund-marine.dk\/index.php\/wp-json\/wp\/v2\/pages\/23","targetHints":{"allow":["GET"]}}],"collection":[{"href":"https:\/\/www.virksund-marine.dk\/index.php\/wp-json\/wp\/v2\/pages"}],"about":[{"href":"https:\/\/www.virksund-marine.dk\/index.php\/wp-json\/wp\/v2\/types\/page"}],"author":[{"embeddable":true,"href":"https:\/\/www.virksund-marine.dk\/index.php\/wp-json\/wp\/v2\/users\/1"}],"replies":[{"embeddable":true,"href":"https:\/\/www.virksund-marine.dk\/index.php\/wp-json\/wp\/v2\/comments?post=23"}],"version-history":[{"count":4,"href":"https:\/\/www.virksund-marine.dk\/index.php\/wp-json\/wp\/v2\/pages\/23\/revisions"}],"predecessor-version":[{"id":50,"href":"https:\/\/www.virksund-marine.dk\/index.php\/wp-json\/wp\/v2\/pages\/23\/revisions\/50"}],"wp:attachment":[{"href":"https:\/\/www.virksund-marine.dk\/index.php\/wp-json\/wp\/v2\/media?parent=23"}],"curies":[{"name":"wp","href":"https:\/\/api.w.org\/{rel}","templated":true}]}}